{"id":459,"date":"2024-10-06T13:43:27","date_gmt":"2024-10-06T10:43:27","guid":{"rendered":"https:\/\/kuvataidetalo.fi\/galleries\/"},"modified":"2024-10-31T17:37:30","modified_gmt":"2024-10-31T15:37:30","slug":"galleries","status":"publish","type":"page","link":"https:\/\/kuvataidetalo.fi\/en\/visual-art-house\/galleries\/","title":{"rendered":"Galleries"},"content":{"rendered":"\n<div  class=\"ktt-rich-text mt-0 bg-body text-body\" data-bs-theme=light>\n\t<div class=\"container-xxl\">\n\t\t<div class=\"ktt-narrow\">\n\t\t\t<h2>The Visual Art House brings together 16 galleries in one place<\/h2>\n<p>&nbsp;<\/p>\n<p>The Visual Art House member galleries offer a wide range of exhibitions covering the domestic contemporary art scene. Currently, the galleries offer experiences all over the city. When the Visual Arth house operates in shared premises, the majority of the member galleries will move under one roof, creating a versatile centre for contemporary art.<\/p>\n<p>Find out more about the member galleries and visit current exhibitions.<\/p>\n\t\t\t\t\t<\/div>\n\t<\/div>\n<\/div>\n\n\n\n<div  class=\"ktt-marquee mt-0\">\n\t<h2 class=\"ktt-marquee__text sr-only\">\n\t\tGalleries\t<\/h2>\n<\/div>\n\n\n\n<div  class=\"ktt-recommended-content container-xxl d-flex flex-column align-items-center\">\n\t<div class=\"ktt-recommended-content__grid grid w-100\">\n\t\t\t\n\t<a class=\"ktt-content-preview d-flex flex-column text-decoration-none\" href=\"https:\/\/kuvataidetalo.fi\/en\/operators\/arabianranta-library\/\">\n\t\t\t\t\t<img decoding=\"async\" class=\"ktt-content-preview__image object-fit-cover w-100\" src=\"https:\/\/kuvataidetalo.fi\/wp-content\/uploads\/2024\/08\/arabianrannan-kirjasto-jukka-halttunen-768x432.jpg\" alt=\"Arabianrannan kirjaston n\u00e4yttelytilan sis\u00e4kuva\">\n\t\t\n\t\t<div class=\"ktt-content-preview__text d-flex flex-column\">\n\t\t\t\t\t\t\t<p class=\"ktt-content-preview__title fs-lg lh-base mb-0 fw-bold\">\n\t\t\t\t\tArabianranta Library\t\t\t\t<\/p>\n\t\t\t\n\t\t\t\t\t\t\t<p class=\"fs-6 mb-0\">Helsinki Artists&#039; Association exhibition space in the Arabianranta Library.<\/p>\n\t\t\t\n\t\t\t\t\t<\/div>\n\t<\/a>\n\t\t\n\t<a class=\"ktt-content-preview d-flex flex-column text-decoration-none\" href=\"https:\/\/kuvataidetalo.fi\/en\/operators\/gallery-g-and-graphoteque\/\">\n\t\t\t\t\t<img decoding=\"async\" class=\"ktt-content-preview__image object-fit-cover w-100\" src=\"https:\/\/kuvataidetalo.fi\/wp-content\/uploads\/2024\/08\/ah-helsinki-litho-lores-01-768x512.jpg\" alt=\"\">\n\t\t\n\t\t<div class=\"ktt-content-preview__text d-flex flex-column\">\n\t\t\t\t\t\t\t<p class=\"ktt-content-preview__title fs-lg lh-base mb-0 fw-bold\">\n\t\t\t\t\tGalleria G and Grafoteekki\t\t\t\t<\/p>\n\t\t\t\n\t\t\t\t\t\t\t<p class=\"fs-6 mb-0\">A contemporary art gallery focusing on graphic art and art on paper.<\/p>\n\t\t\t\n\t\t\t\t\t<\/div>\n\t<\/a>\n\t\t\n\t<a class=\"ktt-content-preview d-flex flex-column text-decoration-none\" href=\"https:\/\/kuvataidetalo.fi\/en\/operators\/galleria-huuto\/\">\n\t\t\t\t\t<img decoding=\"async\" class=\"ktt-content-preview__image object-fit-cover w-100\" src=\"https:\/\/kuvataidetalo.fi\/wp-content\/uploads\/2024\/08\/Huutolaiset_Kalasataman_avajaisissa2-768x576.jpg\" alt=\"\">\n\t\t\n\t\t<div class=\"ktt-content-preview__text d-flex flex-column\">\n\t\t\t\t\t\t\t<p class=\"ktt-content-preview__title fs-lg lh-base mb-0 fw-bold\">\n\t\t\t\t\tGalleria Huuto\t\t\t\t<\/p>\n\t\t\t\n\t\t\t\t\t\t\t<p class=\"fs-6 mb-0\">Experimental and open-minded contemporary art in Kalasatama.<\/p>\n\t\t\t\n\t\t\t\t\t<\/div>\n\t<\/a>\n\t\t\n\t<a class=\"ktt-content-preview d-flex flex-column text-decoration-none\" href=\"https:\/\/kuvataidetalo.fi\/en\/operators\/gallery-illustration\/\">\n\t\t\t\t\t<img decoding=\"async\" class=\"ktt-content-preview__image object-fit-cover w-100\" src=\"https:\/\/kuvataidetalo.fi\/wp-content\/uploads\/2024\/08\/Galleria-Kuvitus-768x511.jpg\" alt=\"\">\n\t\t\n\t\t<div class=\"ktt-content-preview__text d-flex flex-column\">\n\t\t\t\t\t\t\t<p class=\"ktt-content-preview__title fs-lg lh-base mb-0 fw-bold\">\n\t\t\t\t\tGalleria Kuvitus\t\t\t\t<\/p>\n\t\t\t\n\t\t\t\t\t\t\t<p class=\"fs-6 mb-0\">Finland&#039;s first gallery dedicated to illustration and its current phenomena.<\/p>\n\t\t\t\n\t\t\t\t\t<\/div>\n\t<\/a>\n\t\t\n\t<a class=\"ktt-content-preview d-flex flex-column text-decoration-none\" href=\"https:\/\/kuvataidetalo.fi\/en\/operators\/galleria-rankka\/\">\n\t\t\t\t\t<img decoding=\"async\" class=\"ktt-content-preview__image object-fit-cover w-100\" src=\"https:\/\/kuvataidetalo.fi\/wp-content\/uploads\/2024\/08\/Galleria-Rankka-614x768.jpg\" alt=\"\">\n\t\t\n\t\t<div class=\"ktt-content-preview__text d-flex flex-column\">\n\t\t\t\t\t\t\t<p class=\"ktt-content-preview__title fs-lg lh-base mb-0 fw-bold\">\n\t\t\t\t\tGalleria Rankka\t\t\t\t<\/p>\n\t\t\t\n\t\t\t\t\t\t\t<p class=\"fs-6 mb-0\">Exhibitions and cross-artistic events at the old nursing college in Meilahti.<\/p>\n\t\t\t\n\t\t\t\t\t<\/div>\n\t<\/a>\n\t\t\n\t<a class=\"ktt-content-preview d-flex flex-column text-decoration-none\" href=\"https:\/\/kuvataidetalo.fi\/en\/operators\/galleria-sculptor\/\">\n\t\t\t\t\t<img decoding=\"async\" class=\"ktt-content-preview__image object-fit-cover w-100\" src=\"https:\/\/kuvataidetalo.fi\/wp-content\/uploads\/2024\/08\/Jessica-Leonard-Sculpt38-768x512.jpg\" alt=\"Galleria Sculptor\">\n\t\t\n\t\t<div class=\"ktt-content-preview__text d-flex flex-column\">\n\t\t\t\t\t\t\t<p class=\"ktt-content-preview__title fs-lg lh-base mb-0 fw-bold\">\n\t\t\t\t\tGalleria Sculptor\t\t\t\t<\/p>\n\t\t\t\n\t\t\t\t\t\t\t<p class=\"fs-6 mb-0\">Finland&#039;s only contemporary art gallery dedicated to sculpture and spatial art.<\/p>\n\t\t\t\n\t\t\t\t\t<\/div>\n\t<\/a>\n\t\t\n\t<a class=\"ktt-content-preview d-flex flex-column text-decoration-none\" href=\"https:\/\/kuvataidetalo.fi\/en\/operators\/gallery-art-kaarisilta\/\">\n\t\t\t\t\t<img decoding=\"async\" class=\"ktt-content-preview__image object-fit-cover w-100\" src=\"https:\/\/kuvataidetalo.fi\/wp-content\/uploads\/2024\/09\/Galleria-Art-Kaarisilta-768x512.jpg\" alt=\"galleria kaarisilta sis\u00e4kuva\">\n\t\t\n\t\t<div class=\"ktt-content-preview__text d-flex flex-column\">\n\t\t\t\t\t\t\t<p class=\"ktt-content-preview__title fs-lg lh-base mb-0 fw-bold\">\n\t\t\t\t\tGallery Art Kaarisilta\t\t\t\t<\/p>\n\t\t\t\n\t\t\t\t\t\t\t<p class=\"fs-6 mb-0\">An art gallery in Sanomatalo, focusing on special art.<\/p>\n\t\t\t\n\t\t\t\t\t<\/div>\n\t<\/a>\n\t\t\n\t<a class=\"ktt-content-preview d-flex flex-column text-decoration-none\" href=\"https:\/\/kuvataidetalo.fi\/en\/operators\/galleria-katariina\/\">\n\t\t\t\t\t<img decoding=\"async\" class=\"ktt-content-preview__image object-fit-cover w-100\" src=\"https:\/\/kuvataidetalo.fi\/wp-content\/uploads\/2024\/08\/galleria-katariina-annimari-taivalsaari-768x426.jpg\" alt=\"Galleria Katariina tila\">\n\t\t\n\t\t<div class=\"ktt-content-preview__text d-flex flex-column\">\n\t\t\t\t\t\t\t<p class=\"ktt-content-preview__title fs-lg lh-base mb-0 fw-bold\">\n\t\t\t\t\tGallery Katariina\t\t\t\t<\/p>\n\t\t\t\n\t\t\t\t\t\t\t<p class=\"fs-6 mb-0\">  The long-standing, well-known and respected gallery space of the Helsinki Artists&#039; Association on Rikhardinkatu.<\/p>\n\t\t\t\n\t\t\t\t\t<\/div>\n\t<\/a>\n\t\t\n\t<a class=\"ktt-content-preview d-flex flex-column text-decoration-none\" href=\"https:\/\/kuvataidetalo.fi\/en\/operators\/galleria-rikhard-and-galleria-arthur\/\">\n\t\t\t\t\t<img decoding=\"async\" class=\"ktt-content-preview__image object-fit-cover w-100\" src=\"https:\/\/kuvataidetalo.fi\/wp-content\/uploads\/2024\/08\/Rikhardinkadun-kirjasto-768x512.jpg\" alt=\"\">\n\t\t\n\t\t<div class=\"ktt-content-preview__text d-flex flex-column\">\n\t\t\t\t\t\t\t<p class=\"ktt-content-preview__title fs-lg lh-base mb-0 fw-bold\">\n\t\t\t\t\tGallery Rikhard and Gallery Arthur\t\t\t\t<\/p>\n\t\t\t\n\t\t\t\t\t\t\t<p class=\"fs-6 mb-0\">Helsinki Artists&#039; Association exhibition spaces in the Art Lending Library and in the lobby of the Rikhardinkatu Library.<\/p>\n\t\t\t\n\t\t\t\t\t<\/div>\n\t<\/a>\n\t\t\n\t<a class=\"ktt-content-preview d-flex flex-column text-decoration-none\" href=\"https:\/\/kuvataidetalo.fi\/en\/operators\/galleria-seina\/\">\n\t\t\t\t\t<img decoding=\"async\" class=\"ktt-content-preview__image object-fit-cover w-100\" src=\"https:\/\/kuvataidetalo.fi\/wp-content\/uploads\/2024\/08\/Galleria-SEINA-tyhja-768x576.jpg\" alt=\"\">\n\t\t\n\t\t<div class=\"ktt-content-preview__text d-flex flex-column\">\n\t\t\t\t\t\t\t<p class=\"ktt-content-preview__title fs-lg lh-base mb-0 fw-bold\">\n\t\t\t\t\tGallery SEIN\u00c4\t\t\t\t<\/p>\n\t\t\t\n\t\t\t\t\t\t\t<p class=\"fs-6 mb-0\">A window gallery of the Association of Finnish Art Associations at Mannerheimintie in T\u00f6\u00f6l\u00f6.<\/p>\n\t\t\t\n\t\t\t\t\t<\/div>\n\t<\/a>\n\t\t\n\t<a class=\"ktt-content-preview d-flex flex-column text-decoration-none\" href=\"https:\/\/kuvataidetalo.fi\/en\/operators\/haa-gallery\/\">\n\t\t\t\t\t<img decoding=\"async\" class=\"ktt-content-preview__image object-fit-cover w-100\" src=\"https:\/\/kuvataidetalo.fi\/wp-content\/uploads\/2024\/08\/HAA-Galleria_Katja-Maria-Nyman-768x577.jpg\" alt=\"Haa galleria ulkokuva\">\n\t\t\n\t\t<div class=\"ktt-content-preview__text d-flex flex-column\">\n\t\t\t\t\t\t\t<p class=\"ktt-content-preview__title fs-lg lh-base mb-0 fw-bold\">\n\t\t\t\t\tHAA Galleria\t\t\t\t<\/p>\n\t\t\t\n\t\t\t\t\t\t\t<p class=\"fs-6 mb-0\">Interesting contemporary art at the World Heritage Site of Suomenlinna.<\/p>\n\t\t\t\n\t\t\t\t\t<\/div>\n\t<\/a>\n\t\t\n\t<a class=\"ktt-content-preview d-flex flex-column text-decoration-none\" href=\"https:\/\/kuvataidetalo.fi\/en\/operators\/hippolyte-korjaamo-gallery\/\">\n\t\t\t\t\t<img decoding=\"async\" class=\"ktt-content-preview__image object-fit-cover w-100\" src=\"https:\/\/kuvataidetalo.fi\/wp-content\/uploads\/2024\/08\/MG_6101-768x512.jpg\" alt=\"\">\n\t\t\n\t\t<div class=\"ktt-content-preview__text d-flex flex-column\">\n\t\t\t\t\t\t\t<p class=\"ktt-content-preview__title fs-lg lh-base mb-0 fw-bold\">\n\t\t\t\t\tHippolyte Korjaamo\t\t\t\t<\/p>\n\t\t\t\n\t\t\t\t\t\t\t<p class=\"fs-6 mb-0\">Diverse contents and creators of photographic art at Kulttuuritehdas Korjaamo.<\/p>\n\t\t\t\n\t\t\t\t\t<\/div>\n\t<\/a>\n\t\t\n\t<a class=\"ktt-content-preview d-flex flex-column text-decoration-none\" href=\"https:\/\/kuvataidetalo.fi\/en\/operators\/malmitalo-galleria\/\">\n\t\t\t\t\t<img decoding=\"async\" class=\"ktt-content-preview__image object-fit-cover w-100\" src=\"https:\/\/kuvataidetalo.fi\/wp-content\/uploads\/2024\/08\/malmitalon-galleria-sauli-narhi-768x512.jpg\" alt=\"Malmintalon gallerian sis\u00e4kuva\">\n\t\t\n\t\t<div class=\"ktt-content-preview__text d-flex flex-column\">\n\t\t\t\t\t\t\t<p class=\"ktt-content-preview__title fs-lg lh-base mb-0 fw-bold\">\n\t\t\t\t\tMalmitalo Gallery\t\t\t\t<\/p>\n\t\t\t\n\t\t\t\t\t\t\t<p class=\"fs-6 mb-0\">Gallery of the Helsinki Artists&#039; Association in Malmitalo.<\/p>\n\t\t\t\n\t\t\t\t\t<\/div>\n\t<\/a>\n\t\t\n\t<a class=\"ktt-content-preview d-flex flex-column text-decoration-none\" href=\"https:\/\/kuvataidetalo.fi\/en\/operators\/muu-helsinki-contemporary-art-centre\/\">\n\t\t\t\t\t<img decoding=\"async\" class=\"ktt-content-preview__image object-fit-cover w-100\" src=\"https:\/\/kuvataidetalo.fi\/wp-content\/uploads\/2024\/10\/Muu-Helsinki-768x576.jpg\" alt=\"muu gallery indoors\">\n\t\t\n\t\t<div class=\"ktt-content-preview__text d-flex flex-column\">\n\t\t\t\t\t\t\t<p class=\"ktt-content-preview__title fs-lg lh-base mb-0 fw-bold\">\n\t\t\t\t\tMUU Helsinki Contemporary Art Centre\t\t\t\t<\/p>\n\t\t\t\n\t\t\t\t\t\t\t<p class=\"fs-6 mb-0\">An international project space and centre for new areas of contemporary art, located in the Cable Factory.<\/p>\n\t\t\t\n\t\t\t\t\t<\/div>\n\t<\/a>\n\t\t\n\t<a class=\"ktt-content-preview d-flex flex-column text-decoration-none\" href=\"https:\/\/kuvataidetalo.fi\/en\/operators\/photographic-gallery-hippolyte\/\">\n\t\t\t\t\t<img decoding=\"async\" class=\"ktt-content-preview__image object-fit-cover w-100\" src=\"https:\/\/kuvataidetalo.fi\/wp-content\/uploads\/2024\/08\/Hippolyte_ulko-768x519.jpeg\" alt=\"Hippolyte galleria ulkokuva\">\n\t\t\n\t\t<div class=\"ktt-content-preview__text d-flex flex-column\">\n\t\t\t\t\t\t\t<p class=\"ktt-content-preview__title fs-lg lh-base mb-0 fw-bold\">\n\t\t\t\t\tPhotographic Gallery Hippolyte\t\t\t\t<\/p>\n\t\t\t\n\t\t\t\t\t\t\t<p class=\"fs-6 mb-0\">A contemporary art exhibition space with a programme focusing on photography.<\/p>\n\t\t\t\n\t\t\t\t\t<\/div>\n\t<\/a>\n\t\t\n\t<a class=\"ktt-content-preview d-flex flex-column text-decoration-none\" href=\"https:\/\/kuvataidetalo.fi\/en\/operators\/tm-gallery\/\">\n\t\t\t\t\t<img decoding=\"async\" class=\"ktt-content-preview__image object-fit-cover w-100\" src=\"https:\/\/kuvataidetalo.fi\/wp-content\/uploads\/2024\/08\/tm-galleria-768x476.jpg\" alt=\"\">\n\t\t\n\t\t<div class=\"ktt-content-preview__text d-flex flex-column\">\n\t\t\t\t\t\t\t<p class=\"ktt-content-preview__title fs-lg lh-base mb-0 fw-bold\">\n\t\t\t\t\ttm\u2022galleria\t\t\t\t<\/p>\n\t\t\t\n\t\t\t\t\t\t\t<p class=\"fs-6 mb-0\">A central forum for the presentation of Finnish painting in Erottaja.<\/p>\n\t\t\t\n\t\t\t\t\t<\/div>\n\t<\/a>\n\t\t<\/div>\n\t<\/div>\n\n\n\n\t<div  class=\"ktt-media-and-text mt-0 text-body bg-body ktt-media-and-text--manual\" data-bs-theme=dark>\n\t\t<div class=\"container-xxl\">\n\t\t\t<div class=\"row align-items-center g-md-0\">\n\t\t\t\t<div class=\"ktt-media-and-text__media-container col-12 col-md-6 order-first order-md-last\">\n\t\t\t\t\t\t\t\t\t\t\t<img decoding=\"async\" class=\"w-100\" src=\"https:\/\/kuvataidetalo.fi\/wp-content\/uploads\/2024\/10\/helsinki_kartta_BW-768x647.png\" alt=\"Mustavalkoinen karttakuva helsingist\u00e4\">\n\t\t\t\t\t\t\t\t\t<\/div>\n\t\t\t\t<div class=\"ktt-media-and-text__text-container col-12 col-md-6\">\n\t\t\t\t\t\t\t\t\t\t\t<h2 class=\"ktt-media-and-text__title \">Galleries on the map<\/h2>\n\t\t\t\t\t\n\t\t\t\t\t\t\t\t\t\t\n\t\t\t\t\t\t\t\t\t\t\t<div class=\"ktt-media-and-text__description\"><p>See the locations of the galleries on the map and plan your next gallery tour.<\/p>\n<\/div>\n\t\t\t\t\t\n\t\t\t\t\t\t\t\t\t\t\t\n\t\t\t<a class=\"btn btn-primary\" href=\"https:\/\/www.google.com\/maps\/@60.1996587,24.792815,29521m\/data=!3m1!1e3!4m3!11m2!2sh17zIzoaS--IDxOzCKNlRQ!3e3?entry=ttu&#038;g_ep=EgoyMDI0MTAyNy4wIKXMDSoASAFQAw%3D%3D\" target=\"_blank\">Open Google Maps<\/a>\n\t\t\n\t\t\t\t\t\t\t\t\t\t<\/div>\n\t\t\t<\/div>\n\t\t<\/div>\n\t<\/div>\n\n\t\n\n\n<p><\/p>\n","protected":false},"excerpt":{"rendered":"","protected":false},"author":1,"featured_media":2348,"parent":456,"menu_order":0,"comment_status":"closed","ping_status":"closed","template":"","meta":{"_acf_changed":true,"footnotes":""},"class_list":["post-459","page","type-page","status-publish","has-post-thumbnail","hentry"],"acf":[],"yoast_head":"<!-- This site is optimized with the Yoast SEO plugin v27.5 - https:\/\/yoast.com\/product\/yoast-seo-wordpress\/ -->\n<title>Galleries - Kuvataidetalo<\/title>\n<meta name=\"description\" content=\"The Visual Art House member galleries offer a wide range of exhibitions covering the domestic contemporary art scene.\" \/>\n<meta name=\"robots\" content=\"index, follow, max-snippet:-1, max-image-preview:large, max-video-preview:-1\" \/>\n<link rel=\"canonical\" href=\"https:\/\/kuvataidetalo.fi\/en\/visual-art-house\/galleries\/\" \/>\n<meta property=\"og:locale\" content=\"en_US\" \/>\n<meta property=\"og:type\" content=\"article\" \/>\n<meta property=\"og:title\" content=\"Galleries - Kuvataidetalo\" \/>\n<meta property=\"og:description\" content=\"The Visual Art House member galleries offer a wide range of exhibitions covering the domestic contemporary art scene.\" \/>\n<meta property=\"og:url\" content=\"https:\/\/kuvataidetalo.fi\/en\/visual-art-house\/galleries\/\" \/>\n<meta property=\"og:site_name\" content=\"Kuvataidetalo\" \/>\n<meta property=\"article:modified_time\" content=\"2024-10-31T15:37:30+00:00\" \/>\n<meta property=\"og:image\" content=\"https:\/\/kuvataidetalo.fi\/wp-content\/uploads\/2024\/10\/KTT_EN_Nelio1_Black.png\" \/>\n\t<meta property=\"og:image:width\" content=\"3670\" \/>\n\t<meta property=\"og:image:height\" content=\"4557\" \/>\n\t<meta property=\"og:image:type\" content=\"image\/png\" \/>\n<meta name=\"twitter:card\" content=\"summary_large_image\" \/>\n<meta name=\"twitter:label1\" content=\"Est. reading time\" \/>\n\t<meta name=\"twitter:data1\" content=\"1 minute\" \/>\n<script type=\"application\/ld+json\" class=\"yoast-schema-graph\">{\"@context\":\"https:\\\/\\\/schema.org\",\"@graph\":[{\"@type\":\"WebPage\",\"@id\":\"https:\\\/\\\/kuvataidetalo.fi\\\/en\\\/visual-art-house\\\/galleries\\\/\",\"url\":\"https:\\\/\\\/kuvataidetalo.fi\\\/en\\\/visual-art-house\\\/galleries\\\/\",\"name\":\"Galleries - Kuvataidetalo\",\"isPartOf\":{\"@id\":\"https:\\\/\\\/kuvataidetalo.fi\\\/en\\\/#website\"},\"primaryImageOfPage\":{\"@id\":\"https:\\\/\\\/kuvataidetalo.fi\\\/en\\\/visual-art-house\\\/galleries\\\/#primaryimage\"},\"image\":{\"@id\":\"https:\\\/\\\/kuvataidetalo.fi\\\/en\\\/visual-art-house\\\/galleries\\\/#primaryimage\"},\"thumbnailUrl\":\"https:\\\/\\\/kuvataidetalo.fi\\\/wp-content\\\/uploads\\\/2024\\\/10\\\/KTT_EN_Nelio1_Black.png\",\"datePublished\":\"2024-10-06T10:43:27+00:00\",\"dateModified\":\"2024-10-31T15:37:30+00:00\",\"description\":\"The Visual Art House member galleries offer a wide range of exhibitions covering the domestic contemporary art scene.\",\"breadcrumb\":{\"@id\":\"https:\\\/\\\/kuvataidetalo.fi\\\/en\\\/visual-art-house\\\/galleries\\\/#breadcrumb\"},\"inLanguage\":\"en-US\",\"potentialAction\":[{\"@type\":\"ReadAction\",\"target\":[\"https:\\\/\\\/kuvataidetalo.fi\\\/en\\\/visual-art-house\\\/galleries\\\/\"]}]},{\"@type\":\"ImageObject\",\"inLanguage\":\"en-US\",\"@id\":\"https:\\\/\\\/kuvataidetalo.fi\\\/en\\\/visual-art-house\\\/galleries\\\/#primaryimage\",\"url\":\"https:\\\/\\\/kuvataidetalo.fi\\\/wp-content\\\/uploads\\\/2024\\\/10\\\/KTT_EN_Nelio1_Black.png\",\"contentUrl\":\"https:\\\/\\\/kuvataidetalo.fi\\\/wp-content\\\/uploads\\\/2024\\\/10\\\/KTT_EN_Nelio1_Black.png\",\"width\":3670,\"height\":4557,\"caption\":\"visual art house logo in english\"},{\"@type\":\"BreadcrumbList\",\"@id\":\"https:\\\/\\\/kuvataidetalo.fi\\\/en\\\/visual-art-house\\\/galleries\\\/#breadcrumb\",\"itemListElement\":[{\"@type\":\"ListItem\",\"position\":1,\"name\":\"Home\",\"item\":\"https:\\\/\\\/kuvataidetalo.fi\\\/en\\\/\"},{\"@type\":\"ListItem\",\"position\":2,\"name\":\"Visual Art House\",\"item\":\"https:\\\/\\\/kuvataidetalo.fi\\\/en\\\/visual-art-house\\\/\"},{\"@type\":\"ListItem\",\"position\":3,\"name\":\"Galleries\"}]},{\"@type\":\"WebSite\",\"@id\":\"https:\\\/\\\/kuvataidetalo.fi\\\/en\\\/#website\",\"url\":\"https:\\\/\\\/kuvataidetalo.fi\\\/en\\\/\",\"name\":\"Kuvataidetalo\",\"description\":\"\",\"publisher\":{\"@id\":\"https:\\\/\\\/kuvataidetalo.fi\\\/en\\\/#organization\"},\"potentialAction\":[{\"@type\":\"SearchAction\",\"target\":{\"@type\":\"EntryPoint\",\"urlTemplate\":\"https:\\\/\\\/kuvataidetalo.fi\\\/en\\\/?s={search_term_string}\"},\"query-input\":{\"@type\":\"PropertyValueSpecification\",\"valueRequired\":true,\"valueName\":\"search_term_string\"}}],\"inLanguage\":\"en-US\"},{\"@type\":\"Organization\",\"@id\":\"https:\\\/\\\/kuvataidetalo.fi\\\/en\\\/#organization\",\"name\":\"Kuvataidetalo\",\"url\":\"https:\\\/\\\/kuvataidetalo.fi\\\/en\\\/\",\"logo\":{\"@type\":\"ImageObject\",\"inLanguage\":\"en-US\",\"@id\":\"https:\\\/\\\/kuvataidetalo.fi\\\/en\\\/#\\\/schema\\\/logo\\\/image\\\/\",\"url\":\"https:\\\/\\\/kuvataidetalo.fi\\\/wp-content\\\/uploads\\\/2024\\\/06\\\/placeholder_image_taiteilija.png\",\"contentUrl\":\"https:\\\/\\\/kuvataidetalo.fi\\\/wp-content\\\/uploads\\\/2024\\\/06\\\/placeholder_image_taiteilija.png\",\"width\":1251,\"height\":1140,\"caption\":\"Kuvataidetalo\"},\"image\":{\"@id\":\"https:\\\/\\\/kuvataidetalo.fi\\\/en\\\/#\\\/schema\\\/logo\\\/image\\\/\"}}]}<\/script>\n<!-- \/ Yoast SEO plugin. -->","yoast_head_json":{"title":"Galleries - Kuvataidetalo","description":"The Visual Art House member galleries offer a wide range of exhibitions covering the domestic contemporary art scene.","robots":{"index":"index","follow":"follow","max-snippet":"max-snippet:-1","max-image-preview":"max-image-preview:large","max-video-preview":"max-video-preview:-1"},"canonical":"https:\/\/kuvataidetalo.fi\/en\/visual-art-house\/galleries\/","og_locale":"en_US","og_type":"article","og_title":"Galleries - Kuvataidetalo","og_description":"The Visual Art House member galleries offer a wide range of exhibitions covering the domestic contemporary art scene.","og_url":"https:\/\/kuvataidetalo.fi\/en\/visual-art-house\/galleries\/","og_site_name":"Kuvataidetalo","article_modified_time":"2024-10-31T15:37:30+00:00","og_image":[{"width":3670,"height":4557,"url":"https:\/\/kuvataidetalo.fi\/wp-content\/uploads\/2024\/10\/KTT_EN_Nelio1_Black.png","type":"image\/png"}],"twitter_card":"summary_large_image","twitter_misc":{"Est. reading time":"1 minute"},"schema":{"@context":"https:\/\/schema.org","@graph":[{"@type":"WebPage","@id":"https:\/\/kuvataidetalo.fi\/en\/visual-art-house\/galleries\/","url":"https:\/\/kuvataidetalo.fi\/en\/visual-art-house\/galleries\/","name":"Galleries - Kuvataidetalo","isPartOf":{"@id":"https:\/\/kuvataidetalo.fi\/en\/#website"},"primaryImageOfPage":{"@id":"https:\/\/kuvataidetalo.fi\/en\/visual-art-house\/galleries\/#primaryimage"},"image":{"@id":"https:\/\/kuvataidetalo.fi\/en\/visual-art-house\/galleries\/#primaryimage"},"thumbnailUrl":"https:\/\/kuvataidetalo.fi\/wp-content\/uploads\/2024\/10\/KTT_EN_Nelio1_Black.png","datePublished":"2024-10-06T10:43:27+00:00","dateModified":"2024-10-31T15:37:30+00:00","description":"The Visual Art House member galleries offer a wide range of exhibitions covering the domestic contemporary art scene.","breadcrumb":{"@id":"https:\/\/kuvataidetalo.fi\/en\/visual-art-house\/galleries\/#breadcrumb"},"inLanguage":"en-US","potentialAction":[{"@type":"ReadAction","target":["https:\/\/kuvataidetalo.fi\/en\/visual-art-house\/galleries\/"]}]},{"@type":"ImageObject","inLanguage":"en-US","@id":"https:\/\/kuvataidetalo.fi\/en\/visual-art-house\/galleries\/#primaryimage","url":"https:\/\/kuvataidetalo.fi\/wp-content\/uploads\/2024\/10\/KTT_EN_Nelio1_Black.png","contentUrl":"https:\/\/kuvataidetalo.fi\/wp-content\/uploads\/2024\/10\/KTT_EN_Nelio1_Black.png","width":3670,"height":4557,"caption":"visual art house logo in english"},{"@type":"BreadcrumbList","@id":"https:\/\/kuvataidetalo.fi\/en\/visual-art-house\/galleries\/#breadcrumb","itemListElement":[{"@type":"ListItem","position":1,"name":"Home","item":"https:\/\/kuvataidetalo.fi\/en\/"},{"@type":"ListItem","position":2,"name":"Visual Art House","item":"https:\/\/kuvataidetalo.fi\/en\/visual-art-house\/"},{"@type":"ListItem","position":3,"name":"Galleries"}]},{"@type":"WebSite","@id":"https:\/\/kuvataidetalo.fi\/en\/#website","url":"https:\/\/kuvataidetalo.fi\/en\/","name":"Kuvataidetalo","description":"","publisher":{"@id":"https:\/\/kuvataidetalo.fi\/en\/#organization"},"potentialAction":[{"@type":"SearchAction","target":{"@type":"EntryPoint","urlTemplate":"https:\/\/kuvataidetalo.fi\/en\/?s={search_term_string}"},"query-input":{"@type":"PropertyValueSpecification","valueRequired":true,"valueName":"search_term_string"}}],"inLanguage":"en-US"},{"@type":"Organization","@id":"https:\/\/kuvataidetalo.fi\/en\/#organization","name":"Kuvataidetalo","url":"https:\/\/kuvataidetalo.fi\/en\/","logo":{"@type":"ImageObject","inLanguage":"en-US","@id":"https:\/\/kuvataidetalo.fi\/en\/#\/schema\/logo\/image\/","url":"https:\/\/kuvataidetalo.fi\/wp-content\/uploads\/2024\/06\/placeholder_image_taiteilija.png","contentUrl":"https:\/\/kuvataidetalo.fi\/wp-content\/uploads\/2024\/06\/placeholder_image_taiteilija.png","width":1251,"height":1140,"caption":"Kuvataidetalo"},"image":{"@id":"https:\/\/kuvataidetalo.fi\/en\/#\/schema\/logo\/image\/"}}]}},"publishpress_future_action":{"enabled":false,"date":"2026-05-08 16:36:22","action":"change-status","newStatus":"draft","terms":[],"taxonomy":"translation_priority","extraData":[]},"publishpress_future_workflow_manual_trigger":{"enabledWorkflows":[]},"_links":{"self":[{"href":"https:\/\/kuvataidetalo.fi\/en\/wp-json\/wp\/v2\/pages\/459","targetHints":{"allow":["GET"]}}],"collection":[{"href":"https:\/\/kuvataidetalo.fi\/en\/wp-json\/wp\/v2\/pages"}],"about":[{"href":"https:\/\/kuvataidetalo.fi\/en\/wp-json\/wp\/v2\/types\/page"}],"author":[{"embeddable":true,"href":"https:\/\/kuvataidetalo.fi\/en\/wp-json\/wp\/v2\/users\/1"}],"replies":[{"embeddable":true,"href":"https:\/\/kuvataidetalo.fi\/en\/wp-json\/wp\/v2\/comments?post=459"}],"version-history":[{"count":0,"href":"https:\/\/kuvataidetalo.fi\/en\/wp-json\/wp\/v2\/pages\/459\/revisions"}],"up":[{"embeddable":true,"href":"https:\/\/kuvataidetalo.fi\/en\/wp-json\/wp\/v2\/pages\/456"}],"wp:featuredmedia":[{"embeddable":true,"href":"https:\/\/kuvataidetalo.fi\/en\/wp-json\/wp\/v2\/media\/2348"}],"wp:attachment":[{"href":"https:\/\/kuvataidetalo.fi\/en\/wp-json\/wp\/v2\/media?parent=459"}],"curies":[{"name":"wp","href":"https:\/\/api.w.org\/{rel}","templated":true}]}}