{"id":456,"date":"2024-06-26T23:19:30","date_gmt":"2024-06-26T20:19:30","guid":{"rendered":"https:\/\/kuvataidetalo.fi\/visual-art-house\/"},"modified":"2024-11-13T15:39:57","modified_gmt":"2024-11-13T13:39:57","slug":"visual-art-house","status":"publish","type":"page","link":"https:\/\/kuvataidetalo.fi\/en\/visual-art-house\/","title":{"rendered":"Visual Art House"},"content":{"rendered":"\n<div  class=\"ktt-video-hero\">\n\t<iframe loading=\"lazy\" src=\"https:\/\/player.vimeo.com\/video\/1028369511?dnt=1&amp;app_id=122963\" width=\"640\" height=\"360\" frameborder=\"0\" allow=\"autoplay; fullscreen; picture-in-picture; clipboard-write; encrypted-media; web-share\"><\/iframe><\/div>\n\n\n\n<div  class=\"ktt-rich-text mt-0 bg-body text-body\" data-bs-theme=dark>\n\t<div class=\"container-xxl\">\n\t\t<div class=\"ktt-narrow\">\n\t\t\t<h2>The Visual Art House is for all<\/h2>\n<p>The Visual Art House is a house for artists, bringing together all ends of the visual arts on one site. It is seen and heard by all, opening eyes to the new, and responding with sound, emotion and gesture. The Visual Art House touches and challenges you to think.<\/p>\n<p>Its mission is to widen the audiences for the visual arts, to enhance the vitality of artists and the sector, and to strengthen the social relevance of the visual arts. The House is made up of leading artist-led organisations, under whose leadership the Visual Art House is becoming the newest, most vibrant centre for contemporary art.<\/p>\n\t\t\t\t\t\t\t\n\t\t\t<a class=\"btn btn-primary mt-8\" href=\"https:\/\/kuvataidetalo.fi\/en\/visual-art-house\/about-us\/\" target=\"\">Read more about us<\/a>\n\t\t\n\t\t\t\t\t\t<\/div>\n\t<\/div>\n<\/div>\n\n\n\n\t<div  class=\"ktt-media-and-text mt-0 text-body bg-body ktt-media-and-text--manual\" data-bs-theme=light>\n\t\t<div class=\"container-xxl\">\n\t\t\t<div class=\"row align-items-center g-md-0\">\n\t\t\t\t<div class=\"ktt-media-and-text__media-container col-12 col-md-6 order-first order-md-first\">\n\t\t\t\t\t\t\t\t\t\t\t<img decoding=\"async\" class=\"w-100\" src=\"https:\/\/kuvataidetalo.fi\/wp-content\/uploads\/2024\/10\/Nayttelyhaku_Hippolyte_galleria1-1300x867-1-768x512.jpg\" alt=\"Hippolyte galleriatila\">\n\t\t\t\t\t\t\t\t\t<\/div>\n\t\t\t\t<div class=\"ktt-media-and-text__text-container col-12 col-md-6\">\n\t\t\t\t\t\t\t\t\t\t\t<h2 class=\"ktt-media-and-text__title \">The Visual Art House brings together the activities of 16 galleries under one roof<\/h2>\n\t\t\t\t\t\n\t\t\t\t\t\t\t\t\t\t\n\t\t\t\t\t\t\t\t\t\t\t<div class=\"ktt-media-and-text__description\"><p>The member organisations involved  maintain 16 permanent exhibition spaces in Helsinki and organise more than 350 exhibitions and other visual arts events annually. The events organised by the communities to present and communicate art reach hundreds of thousands of art lovers every year.<\/p>\n<\/div>\n\t\t\t\t\t\n\t\t\t\t\t\t\t\t\t\t\t\n\t\t\t<a class=\"btn btn-primary\" href=\"https:\/\/kuvataidetalo.fi\/en\/visual-art-house\/galleries\/\" target=\"\">Read more<\/a>\n\t\t\n\t\t\t\t\t\t\t\t\t\t<\/div>\n\t\t\t<\/div>\n\t\t<\/div>\n\t<\/div>\n\n\t\n\n\n\t<div  class=\"ktt-media-and-text mt-0 text-body bg-body ktt-media-and-text--manual\" data-bs-theme=light>\n\t\t<div class=\"container-xxl\">\n\t\t\t<div class=\"row align-items-center g-md-0\">\n\t\t\t\t<div class=\"ktt-media-and-text__media-container col-12 col-md-6 order-first order-md-last\">\n\t\t\t\t\t\t\t\t\t\t\t<img decoding=\"async\" class=\"w-100\" src=\"https:\/\/kuvataidetalo.fi\/wp-content\/uploads\/2024\/11\/IMG_0922-1-768x1024.jpg\" alt=\"Artist meet up! ihmisi\u00e4 tilassa\">\n\t\t\t\t\t\t\t\t\t<\/div>\n\t\t\t\t<div class=\"ktt-media-and-text__text-container col-12 col-md-6\">\n\t\t\t\t\t\t\t\t\t\t\t<h2 class=\"ktt-media-and-text__title \">Visual Art House is a collaboration of 19 visual arts organisations<\/h2>\n\t\t\t\t\t\n\t\t\t\t\t\t\t\t\t\t\n\t\t\t\t\t\t\t\t\t\t\t<div class=\"ktt-media-and-text__description\"><p>The member organisations work extensively to promote and develop the visual arts and artists. Their activities relate in particular to exhibitions, distribution, public relations, membership, advocacy and communication. Find out more about the member organisations and their activities.<\/p>\n<\/div>\n\t\t\t\t\t\n\t\t\t\t\t\t\t\t\t\t\t\n\t\t\t<a class=\"btn btn-primary\" href=\"https:\/\/kuvataidetalo.fi\/en\/visual-art-house\/member-organisations\/\" target=\"\">Read more<\/a>\n\t\t\n\t\t\t\t\t\t\t\t\t\t<\/div>\n\t\t\t<\/div>\n\t\t<\/div>\n\t<\/div>\n\n\t\n\n\n\t<div  class=\"ktt-media-and-text mt-0 text-body bg-body ktt-media-and-text--manual\" data-bs-theme=light>\n\t\t<div class=\"container-xxl\">\n\t\t\t<div class=\"row align-items-center g-md-0\">\n\t\t\t\t<div class=\"ktt-media-and-text__media-container col-12 col-md-6 order-first order-md-first\">\n\t\t\t\t\t\t\t\t\t\t\t<img decoding=\"async\" class=\"w-100\" src=\"https:\/\/kuvataidetalo.fi\/wp-content\/uploads\/2024\/10\/186E466F-5683-40D2-8666-F0FF2F28C794-768x512.jpg\" alt=\"Taiteiloija ty\u00f6ss\u00e4\u00e4n tietokoneen \u00e4\u00e4ress\u00e4\">\n\t\t\t\t\t\t\t\t\t<\/div>\n\t\t\t\t<div class=\"ktt-media-and-text__text-container col-12 col-md-6\">\n\t\t\t\t\t\t\t\t\t\t\t<h2 class=\"ktt-media-and-text__title \">House for art and artists<\/h2>\n\t\t\t\t\t\n\t\t\t\t\t\t\t\t\t\t\n\t\t\t\t\t\t\t\t\t\t\t<div class=\"ktt-media-and-text__description\"><p>The Visual Art House brings together articles, events and press releases for professionals in one place. We also provide opportunities for artists to network, present their art and engage with the public.<\/p>\n<\/div>\n\t\t\t\t\t\n\t\t\t\t\t\t\t\t\t\t\t\n\t\t\t<a class=\"btn btn-primary\" href=\"https:\/\/kuvataidetalo.fi\/en\/ammattilaisille\/\" target=\"\">Read more<\/a>\n\t\t\n\t\t\t\t\t\t\t\t\t\t<\/div>\n\t\t\t<\/div>\n\t\t<\/div>\n\t<\/div>\n\n\t\n\n\n\t<div id=\"contact\" class=\"ktt-media-and-text mt-0 text-body bg-body ktt-media-and-text--manual\" data-bs-theme=dark>\n\t\t<div class=\"container-xxl\">\n\t\t\t<div class=\"row align-items-center g-md-0\">\n\t\t\t\t<div class=\"ktt-media-and-text__media-container col-12 col-md-6 order-first order-md-last\">\n\t\t\t\t\t\t\t\t\t\t\t<img decoding=\"async\" class=\"w-100\" src=\"https:\/\/kuvataidetalo.fi\/wp-content\/uploads\/2024\/10\/helsinki_kartta_BW-768x647.png\" alt=\"Mustavalkoinen karttakuva helsingist\u00e4\">\n\t\t\t\t\t\t\t\t\t<\/div>\n\t\t\t\t<div class=\"ktt-media-and-text__text-container col-12 col-md-6\">\n\t\t\t\t\t\t\t\t\t\t\t<h2 class=\"ktt-media-and-text__title \">Contact<\/h2>\n\t\t\t\t\t\n\t\t\t\t\t\t\t\t\t\t\n\t\t\t\t\t\t\t\t\t\t\t<div class=\"ktt-media-and-text__description\"><p>KUVATAITEEN TALO RY<\/p>\n<p>T\u00f6\u00f6l\u00f6nkatu 11<br \/>\n00100 Helsinki<\/p>\n<p>info@kuvataiteentalo.fi<\/p>\n<p>Invoices<br \/>\nBusiness ID: 3143975-3<br \/>\nOnline invoice address: 003731439753<br \/>\nOperator: 003708599126 (OpenText)<br \/>\nE-mail (pdf attachment): fennoa.508005@erin.posti.com<\/p>\n<\/div>\n\t\t\t\t\t\n\t\t\t\t\t\t\t\t\t\t\t\n\t\t\t<a class=\"btn btn-primary\" href=\"https:\/\/www.google.com\/maps\/place\/T%C3%B6%C3%B6l%C3%B6nkatu+11,+00100+Helsinki\/@60.1768658,24.9266673,17z\/data=!3m1!4b1!4m6!3m5!1s0x46920a2e04a3c75d:0x5874ee1a75542071!8m2!3d60.1768658!4d24.9292422!16s%2Fg%2F11c5dxm336?entry=tts&#038;g_ep=EgoyMDI0MDkyMy4wKgBIAVAD\" target=\"_blank\">Open Google Maps<\/a>\n\t\t\n\t\t\t\t\t\t\t\t\t\t<\/div>\n\t\t\t<\/div>\n\t\t<\/div>\n\t<\/div>\n\n\t","protected":false},"excerpt":{"rendered":"","protected":false},"author":1,"featured_media":2348,"parent":0,"menu_order":0,"comment_status":"closed","ping_status":"closed","template":"","meta":{"_acf_changed":true,"footnotes":""},"class_list":["post-456","page","type-page","status-publish","has-post-thumbnail","hentry"],"acf":[],"yoast_head":"<!-- This site is optimized with the Yoast SEO plugin v27.4 - https:\/\/yoast.com\/product\/yoast-seo-wordpress\/ -->\n<title>Visual Art House - Kuvataidetalo<\/title>\n<meta name=\"description\" content=\"The Visual Art House is a house for artists, bringing together variety of visual arts on one site. Its mission is to widen the audiences for the visual arts, to enhance the vitality of artists and the sector, and to strengthen the social relevance of the visual arts. The House is made up of leading artist-led organisations, under whose leadership the Visual Art House is becoming the newest, most vibrant centre for contemporary art.\" \/>\n<meta name=\"robots\" content=\"index, follow, max-snippet:-1, max-image-preview:large, max-video-preview:-1\" \/>\n<link rel=\"canonical\" href=\"https:\/\/kuvataidetalo.fi\/en\/visual-art-house\/\" \/>\n<meta property=\"og:locale\" content=\"en_US\" \/>\n<meta property=\"og:type\" content=\"article\" \/>\n<meta property=\"og:title\" content=\"Visual Art House - Kuvataidetalo\" \/>\n<meta property=\"og:description\" content=\"The Visual Art House is a house for artists, bringing together variety of visual arts on one site. Its mission is to widen the audiences for the visual arts, to enhance the vitality of artists and the sector, and to strengthen the social relevance of the visual arts. The House is made up of leading artist-led organisations, under whose leadership the Visual Art House is becoming the newest, most vibrant centre for contemporary art.\" \/>\n<meta property=\"og:url\" content=\"https:\/\/kuvataidetalo.fi\/en\/visual-art-house\/\" \/>\n<meta property=\"og:site_name\" content=\"Kuvataidetalo\" \/>\n<meta property=\"article:modified_time\" content=\"2024-11-13T13:39:57+00:00\" \/>\n<meta property=\"og:image\" content=\"https:\/\/kuvataidetalo.fi\/wp-content\/uploads\/2024\/10\/KTT_EN_Nelio1_Black.png\" \/>\n\t<meta property=\"og:image:width\" content=\"3670\" \/>\n\t<meta property=\"og:image:height\" content=\"4557\" \/>\n\t<meta property=\"og:image:type\" content=\"image\/png\" \/>\n<meta name=\"twitter:card\" content=\"summary_large_image\" \/>\n<meta name=\"twitter:label1\" content=\"Est. reading time\" \/>\n\t<meta name=\"twitter:data1\" content=\"1 minute\" \/>\n<script type=\"application\/ld+json\" class=\"yoast-schema-graph\">{\"@context\":\"https:\\\/\\\/schema.org\",\"@graph\":[{\"@type\":\"WebPage\",\"@id\":\"https:\\\/\\\/kuvataidetalo.fi\\\/en\\\/visual-art-house\\\/\",\"url\":\"https:\\\/\\\/kuvataidetalo.fi\\\/en\\\/visual-art-house\\\/\",\"name\":\"Visual Art House - Kuvataidetalo\",\"isPartOf\":{\"@id\":\"https:\\\/\\\/kuvataidetalo.fi\\\/en\\\/#website\"},\"primaryImageOfPage\":{\"@id\":\"https:\\\/\\\/kuvataidetalo.fi\\\/en\\\/visual-art-house\\\/#primaryimage\"},\"image\":{\"@id\":\"https:\\\/\\\/kuvataidetalo.fi\\\/en\\\/visual-art-house\\\/#primaryimage\"},\"thumbnailUrl\":\"https:\\\/\\\/kuvataidetalo.fi\\\/wp-content\\\/uploads\\\/2024\\\/10\\\/KTT_EN_Nelio1_Black.png\",\"datePublished\":\"2024-06-26T20:19:30+00:00\",\"dateModified\":\"2024-11-13T13:39:57+00:00\",\"description\":\"The Visual Art House is a house for artists, bringing together variety of visual arts on one site. Its mission is to widen the audiences for the visual arts, to enhance the vitality of artists and the sector, and to strengthen the social relevance of the visual arts. The House is made up of leading artist-led organisations, under whose leadership the Visual Art House is becoming the newest, most vibrant centre for contemporary art.\",\"breadcrumb\":{\"@id\":\"https:\\\/\\\/kuvataidetalo.fi\\\/en\\\/visual-art-house\\\/#breadcrumb\"},\"inLanguage\":\"en-US\",\"potentialAction\":[{\"@type\":\"ReadAction\",\"target\":[\"https:\\\/\\\/kuvataidetalo.fi\\\/en\\\/visual-art-house\\\/\"]}]},{\"@type\":\"ImageObject\",\"inLanguage\":\"en-US\",\"@id\":\"https:\\\/\\\/kuvataidetalo.fi\\\/en\\\/visual-art-house\\\/#primaryimage\",\"url\":\"https:\\\/\\\/kuvataidetalo.fi\\\/wp-content\\\/uploads\\\/2024\\\/10\\\/KTT_EN_Nelio1_Black.png\",\"contentUrl\":\"https:\\\/\\\/kuvataidetalo.fi\\\/wp-content\\\/uploads\\\/2024\\\/10\\\/KTT_EN_Nelio1_Black.png\",\"width\":3670,\"height\":4557,\"caption\":\"visual art house logo in english\"},{\"@type\":\"BreadcrumbList\",\"@id\":\"https:\\\/\\\/kuvataidetalo.fi\\\/en\\\/visual-art-house\\\/#breadcrumb\",\"itemListElement\":[{\"@type\":\"ListItem\",\"position\":1,\"name\":\"Home\",\"item\":\"https:\\\/\\\/kuvataidetalo.fi\\\/en\\\/\"},{\"@type\":\"ListItem\",\"position\":2,\"name\":\"Visual Art House\"}]},{\"@type\":\"WebSite\",\"@id\":\"https:\\\/\\\/kuvataidetalo.fi\\\/en\\\/#website\",\"url\":\"https:\\\/\\\/kuvataidetalo.fi\\\/en\\\/\",\"name\":\"Kuvataidetalo\",\"description\":\"\",\"publisher\":{\"@id\":\"https:\\\/\\\/kuvataidetalo.fi\\\/en\\\/#organization\"},\"potentialAction\":[{\"@type\":\"SearchAction\",\"target\":{\"@type\":\"EntryPoint\",\"urlTemplate\":\"https:\\\/\\\/kuvataidetalo.fi\\\/en\\\/?s={search_term_string}\"},\"query-input\":{\"@type\":\"PropertyValueSpecification\",\"valueRequired\":true,\"valueName\":\"search_term_string\"}}],\"inLanguage\":\"en-US\"},{\"@type\":\"Organization\",\"@id\":\"https:\\\/\\\/kuvataidetalo.fi\\\/en\\\/#organization\",\"name\":\"Kuvataidetalo\",\"url\":\"https:\\\/\\\/kuvataidetalo.fi\\\/en\\\/\",\"logo\":{\"@type\":\"ImageObject\",\"inLanguage\":\"en-US\",\"@id\":\"https:\\\/\\\/kuvataidetalo.fi\\\/en\\\/#\\\/schema\\\/logo\\\/image\\\/\",\"url\":\"https:\\\/\\\/kuvataidetalo.fi\\\/wp-content\\\/uploads\\\/2024\\\/06\\\/placeholder_image_taiteilija.png\",\"contentUrl\":\"https:\\\/\\\/kuvataidetalo.fi\\\/wp-content\\\/uploads\\\/2024\\\/06\\\/placeholder_image_taiteilija.png\",\"width\":1251,\"height\":1140,\"caption\":\"Kuvataidetalo\"},\"image\":{\"@id\":\"https:\\\/\\\/kuvataidetalo.fi\\\/en\\\/#\\\/schema\\\/logo\\\/image\\\/\"}}]}<\/script>\n<!-- \/ Yoast SEO plugin. -->","yoast_head_json":{"title":"Visual Art House - Kuvataidetalo","description":"The Visual Art House is a house for artists, bringing together variety of visual arts on one site. Its mission is to widen the audiences for the visual arts, to enhance the vitality of artists and the sector, and to strengthen the social relevance of the visual arts. The House is made up of leading artist-led organisations, under whose leadership the Visual Art House is becoming the newest, most vibrant centre for contemporary art.","robots":{"index":"index","follow":"follow","max-snippet":"max-snippet:-1","max-image-preview":"max-image-preview:large","max-video-preview":"max-video-preview:-1"},"canonical":"https:\/\/kuvataidetalo.fi\/en\/visual-art-house\/","og_locale":"en_US","og_type":"article","og_title":"Visual Art House - Kuvataidetalo","og_description":"The Visual Art House is a house for artists, bringing together variety of visual arts on one site. Its mission is to widen the audiences for the visual arts, to enhance the vitality of artists and the sector, and to strengthen the social relevance of the visual arts. The House is made up of leading artist-led organisations, under whose leadership the Visual Art House is becoming the newest, most vibrant centre for contemporary art.","og_url":"https:\/\/kuvataidetalo.fi\/en\/visual-art-house\/","og_site_name":"Kuvataidetalo","article_modified_time":"2024-11-13T13:39:57+00:00","og_image":[{"width":3670,"height":4557,"url":"https:\/\/kuvataidetalo.fi\/wp-content\/uploads\/2024\/10\/KTT_EN_Nelio1_Black.png","type":"image\/png"}],"twitter_card":"summary_large_image","twitter_misc":{"Est. reading time":"1 minute"},"schema":{"@context":"https:\/\/schema.org","@graph":[{"@type":"WebPage","@id":"https:\/\/kuvataidetalo.fi\/en\/visual-art-house\/","url":"https:\/\/kuvataidetalo.fi\/en\/visual-art-house\/","name":"Visual Art House - Kuvataidetalo","isPartOf":{"@id":"https:\/\/kuvataidetalo.fi\/en\/#website"},"primaryImageOfPage":{"@id":"https:\/\/kuvataidetalo.fi\/en\/visual-art-house\/#primaryimage"},"image":{"@id":"https:\/\/kuvataidetalo.fi\/en\/visual-art-house\/#primaryimage"},"thumbnailUrl":"https:\/\/kuvataidetalo.fi\/wp-content\/uploads\/2024\/10\/KTT_EN_Nelio1_Black.png","datePublished":"2024-06-26T20:19:30+00:00","dateModified":"2024-11-13T13:39:57+00:00","description":"The Visual Art House is a house for artists, bringing together variety of visual arts on one site. Its mission is to widen the audiences for the visual arts, to enhance the vitality of artists and the sector, and to strengthen the social relevance of the visual arts. The House is made up of leading artist-led organisations, under whose leadership the Visual Art House is becoming the newest, most vibrant centre for contemporary art.","breadcrumb":{"@id":"https:\/\/kuvataidetalo.fi\/en\/visual-art-house\/#breadcrumb"},"inLanguage":"en-US","potentialAction":[{"@type":"ReadAction","target":["https:\/\/kuvataidetalo.fi\/en\/visual-art-house\/"]}]},{"@type":"ImageObject","inLanguage":"en-US","@id":"https:\/\/kuvataidetalo.fi\/en\/visual-art-house\/#primaryimage","url":"https:\/\/kuvataidetalo.fi\/wp-content\/uploads\/2024\/10\/KTT_EN_Nelio1_Black.png","contentUrl":"https:\/\/kuvataidetalo.fi\/wp-content\/uploads\/2024\/10\/KTT_EN_Nelio1_Black.png","width":3670,"height":4557,"caption":"visual art house logo in english"},{"@type":"BreadcrumbList","@id":"https:\/\/kuvataidetalo.fi\/en\/visual-art-house\/#breadcrumb","itemListElement":[{"@type":"ListItem","position":1,"name":"Home","item":"https:\/\/kuvataidetalo.fi\/en\/"},{"@type":"ListItem","position":2,"name":"Visual Art House"}]},{"@type":"WebSite","@id":"https:\/\/kuvataidetalo.fi\/en\/#website","url":"https:\/\/kuvataidetalo.fi\/en\/","name":"Kuvataidetalo","description":"","publisher":{"@id":"https:\/\/kuvataidetalo.fi\/en\/#organization"},"potentialAction":[{"@type":"SearchAction","target":{"@type":"EntryPoint","urlTemplate":"https:\/\/kuvataidetalo.fi\/en\/?s={search_term_string}"},"query-input":{"@type":"PropertyValueSpecification","valueRequired":true,"valueName":"search_term_string"}}],"inLanguage":"en-US"},{"@type":"Organization","@id":"https:\/\/kuvataidetalo.fi\/en\/#organization","name":"Kuvataidetalo","url":"https:\/\/kuvataidetalo.fi\/en\/","logo":{"@type":"ImageObject","inLanguage":"en-US","@id":"https:\/\/kuvataidetalo.fi\/en\/#\/schema\/logo\/image\/","url":"https:\/\/kuvataidetalo.fi\/wp-content\/uploads\/2024\/06\/placeholder_image_taiteilija.png","contentUrl":"https:\/\/kuvataidetalo.fi\/wp-content\/uploads\/2024\/06\/placeholder_image_taiteilija.png","width":1251,"height":1140,"caption":"Kuvataidetalo"},"image":{"@id":"https:\/\/kuvataidetalo.fi\/en\/#\/schema\/logo\/image\/"}}]}},"publishpress_future_action":{"enabled":false,"date":"2026-04-30 15:23:09","action":"change-status","newStatus":"draft","terms":[],"taxonomy":"translation_priority","extraData":[]},"publishpress_future_workflow_manual_trigger":{"enabledWorkflows":[]},"_links":{"self":[{"href":"https:\/\/kuvataidetalo.fi\/en\/wp-json\/wp\/v2\/pages\/456","targetHints":{"allow":["GET"]}}],"collection":[{"href":"https:\/\/kuvataidetalo.fi\/en\/wp-json\/wp\/v2\/pages"}],"about":[{"href":"https:\/\/kuvataidetalo.fi\/en\/wp-json\/wp\/v2\/types\/page"}],"author":[{"embeddable":true,"href":"https:\/\/kuvataidetalo.fi\/en\/wp-json\/wp\/v2\/users\/1"}],"replies":[{"embeddable":true,"href":"https:\/\/kuvataidetalo.fi\/en\/wp-json\/wp\/v2\/comments?post=456"}],"version-history":[{"count":0,"href":"https:\/\/kuvataidetalo.fi\/en\/wp-json\/wp\/v2\/pages\/456\/revisions"}],"wp:featuredmedia":[{"embeddable":true,"href":"https:\/\/kuvataidetalo.fi\/en\/wp-json\/wp\/v2\/media\/2348"}],"wp:attachment":[{"href":"https:\/\/kuvataidetalo.fi\/en\/wp-json\/wp\/v2\/media?parent=456"}],"curies":[{"name":"wp","href":"https:\/\/api.w.org\/{rel}","templated":true}]}}