{"id":1605,"date":"2024-09-26T15:45:56","date_gmt":"2024-09-26T12:45:56","guid":{"rendered":"https:\/\/kuvataidetalo.fi\/about-us\/"},"modified":"2024-11-13T15:38:41","modified_gmt":"2024-11-13T13:38:41","slug":"about-us","status":"publish","type":"page","link":"https:\/\/kuvataidetalo.fi\/en\/visual-art-house\/about-us\/","title":{"rendered":"About us"},"content":{"rendered":"\t\t<header  class=\"ktt-hero ktt-hero--manual container-xxl pt-8 pt-md-20\">\n\t\t\t\t\t\t\t<h1 class=\"ktt-hero__title\">We bring together all forms of art<\/h1>\n\t\t\t\t\t\t\t\t\t\t<p class=\"ktt-hero__description\">The Visual Art House is a new kind of community where artists and audiences meet. It is neither a museum nor a gallery but an art hub larger than any physical space.  <\/p>\n\t\t\t\t\t<\/header>\n\t\t\n\n\n\t<div  class=\"ktt-media-and-text mt-0 text-body bg-body ktt-media-and-text--manual\" data-bs-theme=dark>\n\t\t<div class=\"container-xxl\">\n\t\t\t<div class=\"row align-items-center g-md-0\">\n\t\t\t\t<div class=\"ktt-media-and-text__media-container col-12 col-md-6 order-first order-md-first\">\n\t\t\t\t\t\t\t\t\t\t\t<img decoding=\"async\" class=\"w-100\" src=\"https:\/\/kuvataidetalo.fi\/wp-content\/uploads\/2024\/11\/visualarthouse_space-768x434.png\" alt=\"visual art house in space\">\n\t\t\t\t\t\t\t\t\t<\/div>\n\t\t\t\t<div class=\"ktt-media-and-text__text-container col-12 col-md-6\">\n\t\t\t\t\t\t\t\t\t\t\t<h2 class=\"ktt-media-and-text__title \">The Visual Art House is remarkable in its scale and unique in its ambitions<\/h2>\n\t\t\t\t\t\n\t\t\t\t\t\t\t\t\t\t\n\t\t\t\t\t\t\t\t\t\t\t<div class=\"ktt-media-and-text__description\"><p>Together, our aim is to create a new visual arts sector, renew cooperation, operating models and services, and bring the organisations under the same roof in the Helsinki city centre. The House&#8217;s operating model aims to strengthen and grow the visual arts sector not just by co-working, but by truly working together. The Visual Art House is primarily a house for visual artists.  <\/p>\n<\/div>\n\t\t\t\t\t\n\t\t\t\t\t\t\t\t\t\t\t\n\t\t\t<a class=\"btn btn-primary\" href=\"https:\/\/kuvataidetalo.fi\/en\/the-visual-art-house-more-than-a-shared-space-project\/\" target=\"\">Read more<\/a>\n\t\t\n\t\t\t\t\t\t\t\t\t\t<\/div>\n\t\t\t<\/div>\n\t\t<\/div>\n\t<\/div>\n\n\t\n\n\n\t<div  class=\"ktt-media-and-text mt-0 text-body bg-body ktt-media-and-text--manual\" data-bs-theme=light>\n\t\t<div class=\"container-xxl\">\n\t\t\t<div class=\"row align-items-center g-md-0\">\n\t\t\t\t<div class=\"ktt-media-and-text__media-container col-12 col-md-6 order-first order-md-last\">\n\t\t\t\t\t\t\t\t\t\t\t<img decoding=\"async\" class=\"w-100\" src=\"https:\/\/kuvataidetalo.fi\/wp-content\/uploads\/2024\/11\/KTT_Some_ENG-768x432.jpg\" alt=\"A picture of a phone with visual art house logo\">\n\t\t\t\t\t\t\t\t\t<\/div>\n\t\t\t\t<div class=\"ktt-media-and-text__text-container col-12 col-md-6\">\n\t\t\t\t\t\t\t\t\t\t\t<h2 class=\"ktt-media-and-text__title \">The Digital Visual Art House<\/h2>\n\t\t\t\t\t\n\t\t\t\t\t\t\t\t\t\t\n\t\t\t\t\t\t\t\t\t\t\t<div class=\"ktt-media-and-text__description\"><p>The Digital Visual Art House is a shared communication platform for the House and its members, and the face of the House before the actual, physical house. In the future, the The Digital Visual Art House can provide a platform for presenting and communicating art online.  <\/p>\n<\/div>\n\t\t\t\t\t\n\t\t\t\t\t\t\t\t\t\t\t\n\t\t\t<a class=\"btn btn-primary\" href=\"https:\/\/kuvataidetalo.fi\/en\/visual-art-house\/about-us\/digital-visual-art-house-a-shared-platform-for-art\/\" target=\"\">Read more <\/a>\n\t\t\n\t\t\t\t\t\t\t\t\t\t<\/div>\n\t\t\t<\/div>\n\t\t<\/div>\n\t<\/div>\n\n\t\n\n\n\t<div  class=\"ktt-media-and-text mt-0 text-body bg-body ktt-media-and-text--manual\" data-bs-theme=dark>\n\t\t<div class=\"container-xxl\">\n\t\t\t<div class=\"row align-items-center g-md-0\">\n\t\t\t\t<div class=\"ktt-media-and-text__media-container col-12 col-md-6 order-first order-md-first\">\n\t\t\t\t\t\t\t\t\t\t\t<img decoding=\"async\" class=\"w-100\" src=\"https:\/\/kuvataidetalo.fi\/wp-content\/uploads\/2024\/10\/AF785BB8-1B1A-4FEE-B23E-AA38C6D133BB-768x535.jpg\" alt=\"Kuva galleriasta jossa taidetta sein\u00e4ll\u00e4\">\n\t\t\t\t\t\t\t\t\t<\/div>\n\t\t\t\t<div class=\"ktt-media-and-text__text-container col-12 col-md-6\">\n\t\t\t\t\t\t\t\t\t\t\t<h2 class=\"ktt-media-and-text__title \">conditions for the establishment of the Visual Art House<\/h2>\n\t\t\t\t\t\n\t\t\t\t\t\t\t\t\t\t\n\t\t\t\t\t\t\t\t\t\t\t<div class=\"ktt-media-and-text__description\"><p>A two-year study was carried out to identify the conditions for the establishment of the Visual Art House. It was published in June 2021. The study was based on a series of extensive interviews with industry stakeholders. The study resulted in identifying a common desire for a reform of operating models. The Visual Art House Association was established to implement the objectives of the study.  <\/p>\n<\/div>\n\t\t\t\t\t\n\t\t\t\t\t\t\t\t\t\t\t\n\t\t\t<a class=\"btn btn-primary\" href=\"https:\/\/kuvataidetalo.fi\/wp-content\/uploads\/2024\/09\/Kuvataiteen-talo-selvitys-14.6.2021.pdf\" target=\"\">Find out more about the survey<\/a>\n\t\t\n\t\t\t\t\t\t\t\t\t\t<\/div>\n\t\t\t<\/div>\n\t\t<\/div>\n\t<\/div>\n\n\t\n\n\n\n\n\n\n\t<div id=\"staff\" class=\"ktt-media-and-text mt-0 text-body bg-body ktt-media-and-text--manual\" data-bs-theme=light>\n\t\t<div class=\"container-xxl\">\n\t\t\t<div class=\"row align-items-center g-md-0\">\n\t\t\t\t<div class=\"ktt-media-and-text__media-container col-12 col-md-6 order-first order-md-first\">\n\t\t\t\t\t\t\t\t\t\t\t<img decoding=\"async\" class=\"w-100\" src=\"https:\/\/kuvataidetalo.fi\/wp-content\/uploads\/2024\/09\/KTT_FI_Nelio1_Black.svg\" alt=\"Kuvataiteen talo logo\">\n\t\t\t\t\t\t\t\t\t<\/div>\n\t\t\t\t<div class=\"ktt-media-and-text__text-container col-12 col-md-6\">\n\t\t\t\t\t\t\t\t\t\t\t<h2 class=\"ktt-media-and-text__title \">Staff and Board of Directors<\/h2>\n\t\t\t\t\t\n\t\t\t\t\t\t\t\t\t\t\n\t\t\t\t\t\t\t\t\t\t\t<div class=\"ktt-media-and-text__description\"><p>Venla Styrman<br \/>\nProject Coordinator, Visual Art House<br \/>\nvenla@kuvataiteentalo.fi<br \/>\n+358 44 322 9808<\/p>\n<p>Joonas Ahlava<br \/>\nChairman of the board<br \/>\njoonas@kuvataiteentalo.fi<br \/>\n+358 40 554 0348<\/p>\n<p>Annika Dahlsten<br \/>\nFatim Diarra<br \/>\nElisa Lientola<br \/>\nBenjamin Orlow<br \/>\nArto Sivonen<br \/>\nJyri Tawast<\/p>\n<\/div>\n\t\t\t\t\t\n\t\t\t\t\t\t\t\t\t<\/div>\n\t\t\t<\/div>\n\t\t<\/div>\n\t<\/div>\n\n\t\n\n\n<div id=\"contactus\" class=\"ktt-block-hubspot-form mt-0 text-body bg-body\" data-bs-theme=dark>\n\t<div class=\"container-xxl\">\n\t\t<div class=\"ktt-narrow\">\n\n\t\t\t\t\t\t\t<h2 class=\"mb-10\">We&#039;d love to hear from you!<\/h2>\n\t\t\t\n\t\t\t\t\t\t\t<p class=\"mb-10\">Want to leave us feedback? Would your arts organisation be interested in joining the Visual Art House? Are you an artist interested in our activities? Are you an exhibition visitor and want to ask us more about our activities?    <\/p>\n\t\t\t\n\t\t\t\t\t\t\t<button\n\t\t\t\t\tclass=\"btn btn-primary\"\n\t\t\t\t\ttype=\"button\"\n\t\t\t\t\tdata-bs-toggle=\"offcanvas\"\n\t\t\t\t\tdata-bs-target=\"#kttBlockHubspotForm\"\n\t\t\t\t\taria-controls=\"kttBlockHubspotForm\"\n\t\t\t\t>\n\t\t\t\t\tContact us\t\t\t\t<\/button>\n\t\t\t\t\t<\/div>\n\t<\/div>\n<\/div>\n\n\t<div class=\"offcanvas offcanvas-end w-100 mt-0 border-0\" tabindex=\"-1\" id=\"kttBlockHubspotForm\" data-bs-theme=\"dark\">\n\t\t<div class=\"offcanvas-header justify-content-end gap-12\">\n\t\t\t<button type=\"button\" class=\"btn-close ms-0\" data-bs-dismiss=\"offcanvas\" aria-label=\"Close\"><\/button>\n\t\t<\/div>\n\t\t<div class=\"offcanvas-body container-xxl\">\n\t\t\t<div class=\"row gy-12\">\n\t\t\t\t<div class=\"col-12 col-md-6\">\n\t\t\t\t\t<div\n\t\t\t\t\t\tclass=\"ktt-form-container mx-auto\"\n\t\t\t\t\t\tdata-id=\"kttBlockHubspotForm\"\n\t\t\t\t\t\tdata-title=\"Ota yhteytt\u00e4\"\n\t\t\t\t\t\tdata-description=\"J\u00e4t\u00e4 palautetta tai kysy Kuvataidetalon toiminnasta. \"\n\t\t\t\t\t\tdata-hs-form-id=\"bdf57407-9de9-4e48-849a-0ed37ab7303b\"\n\t\t\t\t\t\tdata-intent=\"Contact\"\n\t\t\t\t\t\tdata-submit-button-text=\"L\u00e4het\u00e4\"\n\t\t\t\t\t\tdata-privacy-text=\"\"\n\t\t\t\t\t\tdata-confirmation-title=\"Kiitos yhteydenotostasi! \"\n\t\t\t\t\t\tdata-confirmation-description=\"Yhteydenottosi on meille t\u00e4rke\u00e4, ja olemme sinuun yhteydess\u00e4 pian. Yhteydenottoon voi kuitenkin menn\u00e4 useampi arkip\u00e4iv\u00e4, kiitos k\u00e4rsiv\u00e4llisyydest\u00e4si. \"\n\t\t\t\t\t><\/div>\n\t\t\t\t<\/div>\n\t\t\t\t<div class=\"col-12 col-md-6 text-center\">\n\t\t\t\t\t<aside class=\"ktt-form-aside mx-auto d-flex flex-column gap-10 fs-6\">\n\t\t\t\t\t\t\t\t\t\t\t<\/aside>\n\t\t\t\t<\/div>\n\t\t\t<\/div>\n\t\t<\/div>\n\t<\/div>\n\t","protected":false},"excerpt":{"rendered":"","protected":false},"author":2,"featured_media":2348,"parent":456,"menu_order":0,"comment_status":"closed","ping_status":"closed","template":"","meta":{"_acf_changed":true,"footnotes":""},"class_list":["post-1605","page","type-page","status-publish","has-post-thumbnail","hentry"],"acf":[],"yoast_head":"<!-- This site is optimized with the Yoast SEO plugin v27.4 - https:\/\/yoast.com\/product\/yoast-seo-wordpress\/ -->\n<title>About us - Kuvataidetalo<\/title>\n<meta name=\"robots\" content=\"index, follow, max-snippet:-1, max-image-preview:large, max-video-preview:-1\" \/>\n<link rel=\"canonical\" href=\"https:\/\/kuvataidetalo.fi\/en\/visual-art-house\/about-us\/\" \/>\n<meta property=\"og:locale\" content=\"en_US\" \/>\n<meta property=\"og:type\" content=\"article\" \/>\n<meta property=\"og:title\" content=\"About us - Kuvataidetalo\" \/>\n<meta property=\"og:url\" content=\"https:\/\/kuvataidetalo.fi\/en\/visual-art-house\/about-us\/\" \/>\n<meta property=\"og:site_name\" content=\"Kuvataidetalo\" \/>\n<meta property=\"article:modified_time\" content=\"2024-11-13T13:38:41+00:00\" \/>\n<meta property=\"og:image\" content=\"https:\/\/kuvataidetalo.fi\/wp-content\/uploads\/2024\/10\/KTT_EN_Nelio1_Black.png\" \/>\n\t<meta property=\"og:image:width\" content=\"3670\" \/>\n\t<meta property=\"og:image:height\" content=\"4557\" \/>\n\t<meta property=\"og:image:type\" content=\"image\/png\" \/>\n<meta name=\"twitter:card\" content=\"summary_large_image\" \/>\n<meta name=\"twitter:label1\" content=\"Est. reading time\" \/>\n\t<meta name=\"twitter:data1\" content=\"1 minute\" \/>\n<script type=\"application\/ld+json\" class=\"yoast-schema-graph\">{\"@context\":\"https:\\\/\\\/schema.org\",\"@graph\":[{\"@type\":\"WebPage\",\"@id\":\"https:\\\/\\\/kuvataidetalo.fi\\\/en\\\/visual-art-house\\\/about-us\\\/\",\"url\":\"https:\\\/\\\/kuvataidetalo.fi\\\/en\\\/visual-art-house\\\/about-us\\\/\",\"name\":\"About us - Kuvataidetalo\",\"isPartOf\":{\"@id\":\"https:\\\/\\\/kuvataidetalo.fi\\\/en\\\/#website\"},\"primaryImageOfPage\":{\"@id\":\"https:\\\/\\\/kuvataidetalo.fi\\\/en\\\/visual-art-house\\\/about-us\\\/#primaryimage\"},\"image\":{\"@id\":\"https:\\\/\\\/kuvataidetalo.fi\\\/en\\\/visual-art-house\\\/about-us\\\/#primaryimage\"},\"thumbnailUrl\":\"https:\\\/\\\/kuvataidetalo.fi\\\/wp-content\\\/uploads\\\/2024\\\/10\\\/KTT_EN_Nelio1_Black.png\",\"datePublished\":\"2024-09-26T12:45:56+00:00\",\"dateModified\":\"2024-11-13T13:38:41+00:00\",\"breadcrumb\":{\"@id\":\"https:\\\/\\\/kuvataidetalo.fi\\\/en\\\/visual-art-house\\\/about-us\\\/#breadcrumb\"},\"inLanguage\":\"en-US\",\"potentialAction\":[{\"@type\":\"ReadAction\",\"target\":[\"https:\\\/\\\/kuvataidetalo.fi\\\/en\\\/visual-art-house\\\/about-us\\\/\"]}]},{\"@type\":\"ImageObject\",\"inLanguage\":\"en-US\",\"@id\":\"https:\\\/\\\/kuvataidetalo.fi\\\/en\\\/visual-art-house\\\/about-us\\\/#primaryimage\",\"url\":\"https:\\\/\\\/kuvataidetalo.fi\\\/wp-content\\\/uploads\\\/2024\\\/10\\\/KTT_EN_Nelio1_Black.png\",\"contentUrl\":\"https:\\\/\\\/kuvataidetalo.fi\\\/wp-content\\\/uploads\\\/2024\\\/10\\\/KTT_EN_Nelio1_Black.png\",\"width\":3670,\"height\":4557,\"caption\":\"visual art house logo in english\"},{\"@type\":\"BreadcrumbList\",\"@id\":\"https:\\\/\\\/kuvataidetalo.fi\\\/en\\\/visual-art-house\\\/about-us\\\/#breadcrumb\",\"itemListElement\":[{\"@type\":\"ListItem\",\"position\":1,\"name\":\"Home\",\"item\":\"https:\\\/\\\/kuvataidetalo.fi\\\/en\\\/\"},{\"@type\":\"ListItem\",\"position\":2,\"name\":\"Visual Art House\",\"item\":\"https:\\\/\\\/kuvataidetalo.fi\\\/en\\\/visual-art-house\\\/\"},{\"@type\":\"ListItem\",\"position\":3,\"name\":\"About us\"}]},{\"@type\":\"WebSite\",\"@id\":\"https:\\\/\\\/kuvataidetalo.fi\\\/en\\\/#website\",\"url\":\"https:\\\/\\\/kuvataidetalo.fi\\\/en\\\/\",\"name\":\"Kuvataidetalo\",\"description\":\"\",\"publisher\":{\"@id\":\"https:\\\/\\\/kuvataidetalo.fi\\\/en\\\/#organization\"},\"potentialAction\":[{\"@type\":\"SearchAction\",\"target\":{\"@type\":\"EntryPoint\",\"urlTemplate\":\"https:\\\/\\\/kuvataidetalo.fi\\\/en\\\/?s={search_term_string}\"},\"query-input\":{\"@type\":\"PropertyValueSpecification\",\"valueRequired\":true,\"valueName\":\"search_term_string\"}}],\"inLanguage\":\"en-US\"},{\"@type\":\"Organization\",\"@id\":\"https:\\\/\\\/kuvataidetalo.fi\\\/en\\\/#organization\",\"name\":\"Kuvataidetalo\",\"url\":\"https:\\\/\\\/kuvataidetalo.fi\\\/en\\\/\",\"logo\":{\"@type\":\"ImageObject\",\"inLanguage\":\"en-US\",\"@id\":\"https:\\\/\\\/kuvataidetalo.fi\\\/en\\\/#\\\/schema\\\/logo\\\/image\\\/\",\"url\":\"https:\\\/\\\/kuvataidetalo.fi\\\/wp-content\\\/uploads\\\/2024\\\/06\\\/placeholder_image_taiteilija.png\",\"contentUrl\":\"https:\\\/\\\/kuvataidetalo.fi\\\/wp-content\\\/uploads\\\/2024\\\/06\\\/placeholder_image_taiteilija.png\",\"width\":1251,\"height\":1140,\"caption\":\"Kuvataidetalo\"},\"image\":{\"@id\":\"https:\\\/\\\/kuvataidetalo.fi\\\/en\\\/#\\\/schema\\\/logo\\\/image\\\/\"}}]}<\/script>\n<!-- \/ Yoast SEO plugin. -->","yoast_head_json":{"title":"About us - Kuvataidetalo","robots":{"index":"index","follow":"follow","max-snippet":"max-snippet:-1","max-image-preview":"max-image-preview:large","max-video-preview":"max-video-preview:-1"},"canonical":"https:\/\/kuvataidetalo.fi\/en\/visual-art-house\/about-us\/","og_locale":"en_US","og_type":"article","og_title":"About us - Kuvataidetalo","og_url":"https:\/\/kuvataidetalo.fi\/en\/visual-art-house\/about-us\/","og_site_name":"Kuvataidetalo","article_modified_time":"2024-11-13T13:38:41+00:00","og_image":[{"width":3670,"height":4557,"url":"https:\/\/kuvataidetalo.fi\/wp-content\/uploads\/2024\/10\/KTT_EN_Nelio1_Black.png","type":"image\/png"}],"twitter_card":"summary_large_image","twitter_misc":{"Est. reading time":"1 minute"},"schema":{"@context":"https:\/\/schema.org","@graph":[{"@type":"WebPage","@id":"https:\/\/kuvataidetalo.fi\/en\/visual-art-house\/about-us\/","url":"https:\/\/kuvataidetalo.fi\/en\/visual-art-house\/about-us\/","name":"About us - Kuvataidetalo","isPartOf":{"@id":"https:\/\/kuvataidetalo.fi\/en\/#website"},"primaryImageOfPage":{"@id":"https:\/\/kuvataidetalo.fi\/en\/visual-art-house\/about-us\/#primaryimage"},"image":{"@id":"https:\/\/kuvataidetalo.fi\/en\/visual-art-house\/about-us\/#primaryimage"},"thumbnailUrl":"https:\/\/kuvataidetalo.fi\/wp-content\/uploads\/2024\/10\/KTT_EN_Nelio1_Black.png","datePublished":"2024-09-26T12:45:56+00:00","dateModified":"2024-11-13T13:38:41+00:00","breadcrumb":{"@id":"https:\/\/kuvataidetalo.fi\/en\/visual-art-house\/about-us\/#breadcrumb"},"inLanguage":"en-US","potentialAction":[{"@type":"ReadAction","target":["https:\/\/kuvataidetalo.fi\/en\/visual-art-house\/about-us\/"]}]},{"@type":"ImageObject","inLanguage":"en-US","@id":"https:\/\/kuvataidetalo.fi\/en\/visual-art-house\/about-us\/#primaryimage","url":"https:\/\/kuvataidetalo.fi\/wp-content\/uploads\/2024\/10\/KTT_EN_Nelio1_Black.png","contentUrl":"https:\/\/kuvataidetalo.fi\/wp-content\/uploads\/2024\/10\/KTT_EN_Nelio1_Black.png","width":3670,"height":4557,"caption":"visual art house logo in english"},{"@type":"BreadcrumbList","@id":"https:\/\/kuvataidetalo.fi\/en\/visual-art-house\/about-us\/#breadcrumb","itemListElement":[{"@type":"ListItem","position":1,"name":"Home","item":"https:\/\/kuvataidetalo.fi\/en\/"},{"@type":"ListItem","position":2,"name":"Visual Art House","item":"https:\/\/kuvataidetalo.fi\/en\/visual-art-house\/"},{"@type":"ListItem","position":3,"name":"About us"}]},{"@type":"WebSite","@id":"https:\/\/kuvataidetalo.fi\/en\/#website","url":"https:\/\/kuvataidetalo.fi\/en\/","name":"Kuvataidetalo","description":"","publisher":{"@id":"https:\/\/kuvataidetalo.fi\/en\/#organization"},"potentialAction":[{"@type":"SearchAction","target":{"@type":"EntryPoint","urlTemplate":"https:\/\/kuvataidetalo.fi\/en\/?s={search_term_string}"},"query-input":{"@type":"PropertyValueSpecification","valueRequired":true,"valueName":"search_term_string"}}],"inLanguage":"en-US"},{"@type":"Organization","@id":"https:\/\/kuvataidetalo.fi\/en\/#organization","name":"Kuvataidetalo","url":"https:\/\/kuvataidetalo.fi\/en\/","logo":{"@type":"ImageObject","inLanguage":"en-US","@id":"https:\/\/kuvataidetalo.fi\/en\/#\/schema\/logo\/image\/","url":"https:\/\/kuvataidetalo.fi\/wp-content\/uploads\/2024\/06\/placeholder_image_taiteilija.png","contentUrl":"https:\/\/kuvataidetalo.fi\/wp-content\/uploads\/2024\/06\/placeholder_image_taiteilija.png","width":1251,"height":1140,"caption":"Kuvataidetalo"},"image":{"@id":"https:\/\/kuvataidetalo.fi\/en\/#\/schema\/logo\/image\/"}}]}},"publishpress_future_action":{"enabled":false,"date":"2026-04-24 03:32:36","action":"change-status","newStatus":"draft","terms":[],"taxonomy":"translation_priority","extraData":[]},"publishpress_future_workflow_manual_trigger":{"enabledWorkflows":[]},"_links":{"self":[{"href":"https:\/\/kuvataidetalo.fi\/en\/wp-json\/wp\/v2\/pages\/1605","targetHints":{"allow":["GET"]}}],"collection":[{"href":"https:\/\/kuvataidetalo.fi\/en\/wp-json\/wp\/v2\/pages"}],"about":[{"href":"https:\/\/kuvataidetalo.fi\/en\/wp-json\/wp\/v2\/types\/page"}],"author":[{"embeddable":true,"href":"https:\/\/kuvataidetalo.fi\/en\/wp-json\/wp\/v2\/users\/2"}],"replies":[{"embeddable":true,"href":"https:\/\/kuvataidetalo.fi\/en\/wp-json\/wp\/v2\/comments?post=1605"}],"version-history":[{"count":0,"href":"https:\/\/kuvataidetalo.fi\/en\/wp-json\/wp\/v2\/pages\/1605\/revisions"}],"up":[{"embeddable":true,"href":"https:\/\/kuvataidetalo.fi\/en\/wp-json\/wp\/v2\/pages\/456"}],"wp:featuredmedia":[{"embeddable":true,"href":"https:\/\/kuvataidetalo.fi\/en\/wp-json\/wp\/v2\/media\/2348"}],"wp:attachment":[{"href":"https:\/\/kuvataidetalo.fi\/en\/wp-json\/wp\/v2\/media?parent=1605"}],"curies":[{"name":"wp","href":"https:\/\/api.w.org\/{rel}","templated":true}]}}